{"id":169,"date":"2017-07-30T13:46:02","date_gmt":"2017-07-30T12:46:02","guid":{"rendered":"http:\/\/www.smikkelhoekje.nl\/?page_id=169"},"modified":"2025-09-29T19:13:33","modified_gmt":"2025-09-29T18:13:33","slug":"mini-snacks","status":"publish","type":"page","link":"https:\/\/www.smikkelhoekje.nl\/index.php\/mini-snacks\/","title":{"rendered":"Snacks"},"content":{"rendered":"<p><a href=\"https:\/\/www.smikkelhoekje.nl\/wp-content\/uploads\/2017\/07\/loempia.jpg\"><img decoding=\"async\" loading=\"lazy\" class=\"alignright wp-image-426\" src=\"https:\/\/www.smikkelhoekje.nl\/wp-content\/uploads\/2017\/07\/loempia-300x228.jpg\" alt=\"\" width=\"450\" height=\"341\" srcset=\"https:\/\/www.smikkelhoekje.nl\/wp-content\/uploads\/2017\/07\/loempia-300x228.jpg 300w, https:\/\/www.smikkelhoekje.nl\/wp-content\/uploads\/2017\/07\/loempia-768x583.jpg 768w, https:\/\/www.smikkelhoekje.nl\/wp-content\/uploads\/2017\/07\/loempia-1024x777.jpg 1024w, https:\/\/www.smikkelhoekje.nl\/wp-content\/uploads\/2017\/07\/loempia-330x250.jpg 330w, https:\/\/www.smikkelhoekje.nl\/wp-content\/uploads\/2017\/07\/loempia.jpg 1122w\" sizes=\"(max-width: 450px) 100vw, 450px\" \/><\/a><\/p>\n<table style=\"border-collapse: collapse; width: 446px; height: 1477px;\" width=\"309\">\n<colgroup>\n<col style=\"width: 178pt;\" width=\"237\" \/>\n<col style=\"width: 54pt;\" width=\"72\" \/> <\/colgroup>\n<tbody>\n<tr style=\"height: 15.0pt;\">\n<td class=\"xl67\" style=\"width: 178pt; height: 15pt; text-align: left;\" width=\"237\" height=\"20\"><\/td>\n<td class=\"xl68\" style=\"width: 54pt; text-align: left;\" width=\"72\"><\/td>\n<\/tr>\n<tr style=\"height: 15.0pt;\">\n<td class=\"xl67\" style=\"width: 178pt; height: 15pt; text-align: left;\" width=\"237\" height=\"20\">frikandel<\/td>\n<td class=\"xl68\" style=\"width: 54pt; text-align: left;\" width=\"72\">2,20<\/td>\n<\/tr>\n<tr style=\"height: 15.0pt;\">\n<td class=\"xl67\" style=\"width: 178pt; height: 15pt; text-align: left;\" width=\"237\" height=\"20\">frikandel mayonaise<\/td>\n<td class=\"xl68\" style=\"width: 54pt; text-align: left;\" width=\"72\">2,90<\/td>\n<\/tr>\n<tr style=\"height: 15.0pt;\">\n<td class=\"xl67\" style=\"width: 178pt; height: 15pt; text-align: left;\" width=\"237\" height=\"20\">frikandel speciaal<\/td>\n<td class=\"xl68\" style=\"width: 54pt; text-align: left;\" width=\"72\">2,90<\/td>\n<\/tr>\n<tr style=\"height: 15.0pt;\">\n<td class=\"xl67\" style=\"width: 178pt; height: 15pt; text-align: left;\" width=\"237\" height=\"20\">frikandel sat\u00e9saus<\/td>\n<td class=\"xl68\" style=\"width: 54pt; text-align: left;\" width=\"72\">2,90<\/td>\n<\/tr>\n<tr style=\"height: 15.0pt;\">\n<td class=\"xl67\" style=\"width: 178pt; height: 15pt; text-align: left;\" width=\"237\" height=\"20\">viandel<\/td>\n<td class=\"xl68\" style=\"width: 54pt; text-align: left;\" width=\"72\">2,80<\/td>\n<\/tr>\n<tr style=\"height: 15.0pt;\">\n<td class=\"xl67\" style=\"width: 178pt; height: 15pt; text-align: left;\" width=\"237\" height=\"20\">vleeskroket<\/td>\n<td class=\"xl68\" style=\"width: 54pt; text-align: left;\" width=\"72\">2,20<\/td>\n<\/tr>\n<tr style=\"height: 15.0pt;\">\n<td class=\"xl67\" style=\"width: 178pt; height: 15pt; text-align: left;\" width=\"237\" height=\"20\">kalfskroket<\/td>\n<td class=\"xl68\" style=\"width: 54pt; text-align: left;\" width=\"72\">2,80<\/td>\n<\/tr>\n<tr style=\"height: 15.0pt;\">\n<td class=\"xl67\" style=\"width: 178pt; height: 15pt; text-align: left;\" width=\"237\" height=\"20\">sat\u00e9kroket<\/td>\n<td class=\"xl68\" style=\"width: 54pt; text-align: left;\" width=\"72\">2,80<\/td>\n<\/tr>\n<tr style=\"height: 15.0pt;\">\n<td class=\"xl67\" style=\"width: 178pt; height: 15pt; text-align: left;\" width=\"237\" height=\"20\">goulashkroket (elite)<\/td>\n<td class=\"xl68\" style=\"width: 54pt; text-align: left;\" width=\"72\">2,80<\/td>\n<\/tr>\n<tr style=\"height: 15.0pt;\">\n<td class=\"xl67\" style=\"width: 178pt; height: 15pt; text-align: left;\" width=\"237\" height=\"20\">kaaskroket<\/td>\n<td class=\"xl68\" style=\"width: 54pt; text-align: left;\" width=\"72\">2,80<\/td>\n<\/tr>\n<tr style=\"height: 15.0pt;\">\n<td class=\"xl67\" style=\"width: 178pt; height: 15pt; text-align: left;\" width=\"237\" height=\"20\">groentekroket<\/td>\n<td class=\"xl68\" style=\"width: 54pt; text-align: left;\" width=\"72\">2,80<\/td>\n<\/tr>\n<tr style=\"height: 15.0pt;\">\n<td class=\"xl67\" style=\"width: 178pt; height: 15pt; text-align: left;\" width=\"237\" height=\"20\">Dobbenkroket<\/td>\n<td class=\"xl68\" style=\"width: 54pt; text-align: left;\" width=\"72\">2,80<\/td>\n<\/tr>\n<tr style=\"height: 15.0pt;\">\n<td class=\"xl67\" style=\"width: 178pt; height: 15pt; text-align: left;\" width=\"237\" height=\"20\">Kwekkeboom kroket<\/td>\n<td class=\"xl68\" style=\"width: 54pt; text-align: left;\" width=\"72\">2,80<\/td>\n<\/tr>\n<tr style=\"height: 15.0pt;\">\n<td class=\"xl67\" style=\"width: 178pt; height: 15pt; text-align: left;\" width=\"237\" height=\"20\">Holtkamp kalfskroket<\/td>\n<td class=\"xl68\" style=\"width: 54pt; text-align: left;\" width=\"72\">3,30<\/td>\n<\/tr>\n<tr style=\"height: 15.0pt;\">\n<td class=\"xl67\" style=\"width: 178pt; height: 15pt; text-align: left;\" width=\"237\" height=\"20\">garnalenkroket<br \/>\n<span style=\"font-size: revert; font-family: inherit;\">draadjesvlees kroket (elite)<br \/>\n<\/span><\/td>\n<td class=\"xl68\" style=\"width: 54pt; text-align: left;\" width=\"72\">4,25<br \/>\n<span style=\"font-size: revert; font-family: inherit;\">2,80<br \/>\n<\/span><\/td>\n<\/tr>\n<tr style=\"height: 15.0pt;\">\n<td class=\"xl67\" style=\"width: 178pt; height: 15pt; text-align: left;\" width=\"237\" height=\"20\">kaassouffl\u00e9<\/td>\n<td class=\"xl68\" style=\"width: 54pt; text-align: left;\" width=\"72\">2,20<\/td>\n<\/tr>\n<tr style=\"height: 15.0pt;\">\n<td class=\"xl67\" style=\"width: 178pt; height: 15pt; text-align: left;\" width=\"237\" height=\"20\">ham-kaassouffl\u00e9<\/td>\n<td class=\"xl68\" style=\"width: 54pt; text-align: left;\" width=\"72\">2,30<\/td>\n<\/tr>\n<tr style=\"height: 15.0pt;\">\n<td class=\"xl67\" style=\"width: 178pt; height: 15pt; text-align: left;\" width=\"237\" height=\"20\">soufflesse Goudse kaas (meer kaas)<\/td>\n<td class=\"xl68\" style=\"width: 54pt; text-align: left;\" width=\"72\">2,80<\/td>\n<\/tr>\n<tr style=\"height: 15.0pt;\">\n<td class=\"xl67\" style=\"width: 178pt; height: 15pt; text-align: left;\" width=\"237\" height=\"20\">mega kaassouffl\u00e9 (veel kaas)<\/td>\n<td class=\"xl68\" style=\"width: 54pt; text-align: left;\" width=\"72\">3,20<\/td>\n<\/tr>\n<tr style=\"height: 15.0pt;\">\n<td class=\"xl67\" style=\"width: 178pt; height: 15pt; text-align: left;\" width=\"237\" height=\"20\">pittige kaassouffl\u00e9<\/td>\n<td class=\"xl68\" style=\"width: 54pt; text-align: left;\" width=\"72\">2,80<\/td>\n<\/tr>\n<tr style=\"height: 15.0pt;\">\n<td class=\"xl67\" style=\"width: 178pt; height: 15pt; text-align: left;\" width=\"237\" height=\"20\">orientaalse bami schijf<\/td>\n<td class=\"xl68\" style=\"width: 54pt; text-align: left;\" width=\"72\">2,80<\/td>\n<\/tr>\n<tr style=\"height: 15.0pt;\">\n<td class=\"xl67\" style=\"width: 178pt; height: 15pt; text-align: left;\" width=\"237\" height=\"20\">pittige nasi schijf<\/td>\n<td class=\"xl68\" style=\"width: 54pt; text-align: left;\" width=\"72\">2,80<\/td>\n<\/tr>\n<tr style=\"height: 15.0pt;\">\n<td class=\"xl67\" style=\"width: 178pt; height: 15pt; text-align: left;\" width=\"237\" height=\"20\">bamihap pittig<\/td>\n<td class=\"xl68\" style=\"width: 54pt; text-align: left;\" width=\"72\">2,80<\/td>\n<\/tr>\n<tr style=\"height: 15.0pt;\">\n<td class=\"xl67\" style=\"width: 178pt; height: 15pt; text-align: left;\" width=\"237\" height=\"20\">kipkorn<\/td>\n<td class=\"xl68\" style=\"width: 54pt; text-align: left;\" width=\"72\">2,50<\/td>\n<\/tr>\n<tr style=\"height: 15.0pt;\">\n<td class=\"xl67\" style=\"width: 178pt; height: 15pt; text-align: left;\" width=\"237\" height=\"20\">kiploempia<\/td>\n<td class=\"xl68\" style=\"width: 54pt; text-align: left;\" width=\"72\">4,70<\/td>\n<\/tr>\n<tr style=\"height: 15.0pt;\">\n<td class=\"xl67\" style=\"width: 178pt; height: 15pt; text-align: left;\" width=\"237\" height=\"20\">kiploempia speciaal<\/td>\n<td class=\"xl68\" style=\"width: 54pt; text-align: left;\" width=\"72\">7,70<\/td>\n<\/tr>\n<tr style=\"height: 15.0pt;\">\n<td class=\"xl67\" style=\"width: 178pt; height: 15pt; text-align: left;\" width=\"237\" height=\"20\">bal gehakt uit de frituur<\/td>\n<td class=\"xl68\" style=\"width: 54pt; text-align: left;\" width=\"72\">3,00<\/td>\n<\/tr>\n<tr style=\"height: 15.0pt;\">\n<td class=\"xl67\" style=\"width: 178pt; height: 15pt; text-align: left;\" width=\"237\" height=\"20\">bal gehakt uit de jus<\/td>\n<td class=\"xl68\" style=\"width: 54pt; text-align: left;\" width=\"72\">3,80<\/td>\n<\/tr>\n<tr style=\"height: 15.0pt;\">\n<td class=\"xl67\" style=\"width: 178pt; height: 15pt; text-align: left;\" width=\"237\" height=\"20\">shoarmarol<\/td>\n<td class=\"xl68\" style=\"width: 54pt; text-align: left;\" width=\"72\">4,00<\/td>\n<\/tr>\n<tr style=\"height: 15.0pt;\">\n<td class=\"xl67\" style=\"width: 178pt; height: 15pt; text-align: left;\" width=\"237\" height=\"20\">shoarmarol m. knoflooksaus<\/td>\n<td class=\"xl68\" style=\"width: 54pt; text-align: left;\" width=\"72\">4,00<\/td>\n<\/tr>\n<tr style=\"height: 15.0pt;\">\n<td class=\"xl67\" style=\"width: 178pt; height: 15pt; text-align: left;\" width=\"237\" height=\"20\">berenhap met sat\u00e9saus<\/td>\n<td class=\"xl68\" style=\"width: 54pt; text-align: left;\" width=\"72\">4,50<\/td>\n<\/tr>\n<tr style=\"height: 15.0pt;\">\n<td class=\"xl67\" style=\"width: 178pt; height: 15pt; text-align: left;\" width=\"237\" height=\"20\">pikanto gehaktstaaf<\/td>\n<td class=\"xl68\" style=\"width: 54pt; text-align: left;\" width=\"72\">2,80<\/td>\n<\/tr>\n<tr style=\"height: 15.0pt;\">\n<td class=\"xl67\" style=\"width: 178pt; height: 15pt; text-align: left;\" width=\"237\" height=\"20\">carrero (pikant gehakt)<\/td>\n<td class=\"xl68\" style=\"width: 54pt; text-align: left;\" width=\"72\">3,80<\/td>\n<\/tr>\n<tr style=\"height: 15.0pt;\">\n<td class=\"xl67\" style=\"width: 178pt; height: 15pt; text-align: left;\" width=\"237\" height=\"20\">sitostick<\/td>\n<td class=\"xl68\" style=\"width: 54pt; text-align: left;\" width=\"72\">4,00<\/td>\n<\/tr>\n<tr style=\"height: 15.0pt;\">\n<td class=\"xl67\" style=\"width: 178pt; height: 15pt; text-align: left;\" width=\"237\" height=\"20\">smulrol<\/td>\n<td class=\"xl68\" style=\"width: 54pt; text-align: left;\" width=\"72\">4,00<\/td>\n<\/tr>\n<tr style=\"height: 15.0pt;\">\n<td class=\"xl67\" style=\"width: 178pt; height: 15pt; text-align: left;\" width=\"237\" height=\"20\">hotdog<\/td>\n<td class=\"xl68\" style=\"width: 54pt; text-align: left;\" width=\"72\">3,25<\/td>\n<\/tr>\n<tr style=\"height: 15.0pt;\">\n<td class=\"xl67\" style=\"width: 178pt; height: 15pt; text-align: left;\" width=\"237\" height=\"20\">hotdog met kaas<\/td>\n<td class=\"xl68\" style=\"width: 54pt; text-align: left;\" width=\"72\">4,00<\/td>\n<\/tr>\n<tr style=\"height: 15.0pt;\">\n<td class=\"xl67\" style=\"width: 178pt; height: 15pt; text-align: left;\" width=\"237\" height=\"20\">halve kip<\/td>\n<td class=\"xl68\" style=\"width: 54pt; text-align: left;\" width=\"72\">8,75<\/td>\n<\/tr>\n<tr style=\"height: 15.0pt;\">\n<td class=\"xl67\" style=\"width: 178pt; height: 15pt; text-align: left;\" width=\"237\" height=\"20\">kipsat\u00e9 (3 stokjes)<\/td>\n<td class=\"xl68\" style=\"width: 54pt; text-align: left;\" width=\"72\">7,75<\/td>\n<\/tr>\n<tr style=\"height: 15.0pt;\">\n<td class=\"xl67\" style=\"width: 178pt; height: 15pt; text-align: left;\" width=\"237\" height=\"20\">Wienerkipschnitzel<\/td>\n<td class=\"xl68\" style=\"width: 54pt; text-align: left;\" width=\"72\">6,50<\/td>\n<\/tr>\n<tr style=\"height: 15.0pt;\">\n<td class=\"xl67\" style=\"width: 178pt; height: 15pt; text-align: left;\" width=\"237\" height=\"20\">bakje gezond<\/td>\n<td class=\"xl68\" style=\"width: 54pt; text-align: left;\" width=\"72\">4,50<\/td>\n<\/tr>\n<tr style=\"height: 15.0pt;\">\n<td class=\"xl67\" style=\"width: 178pt; height: 15pt; text-align: left;\" width=\"237\" height=\"20\"><\/td>\n<td class=\"xl68\" style=\"width: 54pt; text-align: left;\" width=\"72\"><\/td>\n<\/tr>\n<tr style=\"height: 15.0pt;\">\n<td class=\"xl67\" style=\"width: 178pt; height: 15pt; text-align: left;\" width=\"237\" height=\"20\"><strong>Halal frikandel<\/strong><\/td>\n<td class=\"xl68\" style=\"width: 54pt; text-align: left;\" width=\"72\">2,50<\/td>\n<\/tr>\n<tr style=\"height: 15.0pt;\">\n<td class=\"xl67\" style=\"width: 178pt; height: 15pt; text-align: left;\" width=\"237\" height=\"20\"><strong style=\"font-family: inherit; font-size: inherit;\">Halal kipkorn<\/strong><\/td>\n<td class=\"xl68\" style=\"width: 54pt; text-align: left;\" width=\"72\">2,50<\/td>\n<\/tr>\n<tr style=\"height: 15.0pt;\">\n<td class=\"xl67\" style=\"width: 178pt; height: 15pt; text-align: left;\" width=\"237\" height=\"20\"><strong>Halal kalfskroket<\/strong><\/td>\n<td class=\"xl68\" style=\"width: 54pt; text-align: left;\" width=\"72\">2,80<\/td>\n<\/tr>\n<tr style=\"height: 15.0pt;\">\n<td class=\"xl67\" style=\"width: 178pt; height: 15pt; text-align: left;\" width=\"237\" height=\"20\"><strong>Halal kipburger<\/strong><strong style=\"font-family: inherit; font-size: inherit;\"><br \/>\n<\/strong><strong>Halal\u00a0mexicano<\/strong><strong><br \/>\n<\/strong><\/td>\n<td class=\"xl68\" style=\"width: 54pt; text-align: left;\" width=\"72\">4,50<br \/>\n<span style=\"font-size: revert; font-family: inherit;\">3,80<\/span><\/td>\n<\/tr>\n<\/tbody>\n<\/table>\n","protected":false},"excerpt":{"rendered":"<p>frikandel 2,20 frikandel mayonaise 2,90 frikandel speciaal 2,90 frikandel sat\u00e9saus 2,90 viandel 2,80 vleeskroket 2,20 kalfskroket 2,80 sat\u00e9kroket 2,80 goulashkroket (elite) 2,80 kaaskroket 2,80 groentekroket 2,80 Dobbenkroket 2,80 Kwekkeboom kroket 2,80 Holtkamp kalfskroket 3,30 garnalenkroket draadjesvlees kroket (elite) 4,25 2,80 kaassouffl\u00e9 2,20 ham-kaassouffl\u00e9 2,30 soufflesse Goudse kaas (meer kaas) 2,80 mega kaassouffl\u00e9 (veel kaas) 3,20 [&hellip;]<\/p>\n","protected":false},"author":1,"featured_media":0,"parent":0,"menu_order":0,"comment_status":"closed","ping_status":"closed","template":"","meta":[],"_links":{"self":[{"href":"https:\/\/www.smikkelhoekje.nl\/index.php\/wp-json\/wp\/v2\/pages\/169"}],"collection":[{"href":"https:\/\/www.smikkelhoekje.nl\/index.php\/wp-json\/wp\/v2\/pages"}],"about":[{"href":"https:\/\/www.smikkelhoekje.nl\/index.php\/wp-json\/wp\/v2\/types\/page"}],"author":[{"embeddable":true,"href":"https:\/\/www.smikkelhoekje.nl\/index.php\/wp-json\/wp\/v2\/users\/1"}],"replies":[{"embeddable":true,"href":"https:\/\/www.smikkelhoekje.nl\/index.php\/wp-json\/wp\/v2\/comments?post=169"}],"version-history":[{"count":26,"href":"https:\/\/www.smikkelhoekje.nl\/index.php\/wp-json\/wp\/v2\/pages\/169\/revisions"}],"predecessor-version":[{"id":643,"href":"https:\/\/www.smikkelhoekje.nl\/index.php\/wp-json\/wp\/v2\/pages\/169\/revisions\/643"}],"wp:attachment":[{"href":"https:\/\/www.smikkelhoekje.nl\/index.php\/wp-json\/wp\/v2\/media?parent=169"}],"curies":[{"name":"wp","href":"https:\/\/api.w.org\/{rel}","templated":true}]}}